{"id":108,"date":"2024-01-03T23:20:53","date_gmt":"2024-01-04T02:20:53","guid":{"rendered":"https:\/\/bullsteakbar.com.br\/?page_id=108"},"modified":"2024-02-20T11:14:22","modified_gmt":"2024-02-20T14:14:22","slug":"cardapio","status":"publish","type":"page","link":"https:\/\/bullsteakbar.com.br\/index.php\/cardapio\/","title":{"rendered":"Card\u00e1pio"},"content":{"rendered":"\t\t<div data-elementor-type=\"wp-page\" data-elementor-id=\"108\" class=\"elementor elementor-108\" data-elementor-post-type=\"page\">\n\t\t\t\t\t\t<section class=\"elementor-section elementor-top-section elementor-element elementor-element-32f594b9 elementor-section-height-min-height elementor-section-boxed elementor-section-height-default elementor-section-items-middle\" data-id=\"32f594b9\" data-element_type=\"section\" data-settings=\"{&quot;background_background&quot;:&quot;classic&quot;}\">\n\t\t\t\t\t\t\t<div class=\"elementor-background-overlay\"><\/div>\n\t\t\t\t\t\t\t<div class=\"elementor-container elementor-column-gap-default\">\n\t\t\t\t\t<div class=\"elementor-column elementor-col-100 elementor-top-column elementor-element elementor-element-173aa19d\" data-id=\"173aa19d\" data-element_type=\"column\">\n\t\t\t<div class=\"elementor-widget-wrap elementor-element-populated\">\n\t\t\t\t\t\t<div class=\"elementor-element elementor-element-310d2faa elementor-widget elementor-widget-heading\" data-id=\"310d2faa\" data-element_type=\"widget\" data-widget_type=\"heading.default\">\n\t\t\t\t<div class=\"elementor-widget-container\">\n\t\t\t<style>\/*! elementor - v3.19.0 - 28-02-2024 *\/\n.elementor-heading-title{padding:0;margin:0;line-height:1}.elementor-widget-heading .elementor-heading-title[class*=elementor-size-]>a{color:inherit;font-size:inherit;line-height:inherit}.elementor-widget-heading .elementor-heading-title.elementor-size-small{font-size:15px}.elementor-widget-heading .elementor-heading-title.elementor-size-medium{font-size:19px}.elementor-widget-heading .elementor-heading-title.elementor-size-large{font-size:29px}.elementor-widget-heading .elementor-heading-title.elementor-size-xl{font-size:39px}.elementor-widget-heading .elementor-heading-title.elementor-size-xxl{font-size:59px}<\/style><h2 class=\"elementor-heading-title elementor-size-default\">Card\u00e1pio<\/h2>\t\t<\/div>\n\t\t\t\t<\/div>\n\t\t\t\t<div class=\"elementor-element elementor-element-7ac36ec elementor-widget elementor-widget-text-editor\" data-id=\"7ac36ec\" data-element_type=\"widget\" data-widget_type=\"text-editor.default\">\n\t\t\t\t<div class=\"elementor-widget-container\">\n\t\t\t<style>\/*! elementor - v3.19.0 - 28-02-2024 *\/\n.elementor-widget-text-editor.elementor-drop-cap-view-stacked .elementor-drop-cap{background-color:#69727d;color:#fff}.elementor-widget-text-editor.elementor-drop-cap-view-framed .elementor-drop-cap{color:#69727d;border:3px solid;background-color:transparent}.elementor-widget-text-editor:not(.elementor-drop-cap-view-default) .elementor-drop-cap{margin-top:8px}.elementor-widget-text-editor:not(.elementor-drop-cap-view-default) .elementor-drop-cap-letter{width:1em;height:1em}.elementor-widget-text-editor .elementor-drop-cap{float:left;text-align:center;line-height:1;font-size:50px}.elementor-widget-text-editor .elementor-drop-cap-letter{display:inline-block}<\/style>\t\t\t\t<p><a href=\"#\">Home<\/a> \/ Card\u00e1pio<\/p>\t\t\t\t\t\t<\/div>\n\t\t\t\t<\/div>\n\t\t\t\t\t<\/div>\n\t\t<\/div>\n\t\t\t\t\t<\/div>\n\t\t<\/section>\n\t\t\t\t<section class=\"elementor-section elementor-top-section elementor-element elementor-element-75c6ef30 elementor-section-boxed elementor-section-height-default elementor-section-height-default\" data-id=\"75c6ef30\" data-element_type=\"section\">\n\t\t\t\t\t\t<div class=\"elementor-container elementor-column-gap-default\">\n\t\t\t\t\t<div class=\"elementor-column elementor-col-100 elementor-top-column elementor-element elementor-element-3a3b9d54\" data-id=\"3a3b9d54\" data-element_type=\"column\">\n\t\t\t<div class=\"elementor-widget-wrap elementor-element-populated\">\n\t\t\t\t\t\t<div class=\"elementor-element elementor-element-4ca29769 elementor-widget elementor-widget-heading\" data-id=\"4ca29769\" data-element_type=\"widget\" data-widget_type=\"heading.default\">\n\t\t\t\t<div class=\"elementor-widget-container\">\n\t\t\t<h3 class=\"elementor-heading-title elementor-size-default\">Nosso Card\u00e1pio<\/h3>\t\t<\/div>\n\t\t\t\t<\/div>\n\t\t\t\t<div class=\"elementor-element elementor-element-148013f8 elementor-icon-list--layout-inline elementor-list-item-link-full_width elementor-widget elementor-widget-icon-list\" data-id=\"148013f8\" data-element_type=\"widget\" data-widget_type=\"icon-list.default\">\n\t\t\t\t<div class=\"elementor-widget-container\">\n\t\t\t<link rel=\"stylesheet\" href=\"https:\/\/bullsteakbar.com.br\/wp-content\/plugins\/elementor\/assets\/css\/widget-icon-list.min.css\">\t\t<ul class=\"elementor-icon-list-items elementor-inline-items\">\n\t\t\t\t\t\t\t<li class=\"elementor-icon-list-item elementor-inline-item\">\n\t\t\t\t\t\t\t\t\t\t\t<span class=\"elementor-icon-list-icon\">\n\t\t\t\t\t\t\t<i aria-hidden=\"true\" class=\"icon icon-folder\"><\/i>\t\t\t\t\t\t<\/span>\n\t\t\t\t\t\t\t\t\t\t<span class=\"elementor-icon-list-text\">Executivo<\/span>\n\t\t\t\t\t\t\t\t\t<\/li>\n\t\t\t\t\t\t\t\t<li class=\"elementor-icon-list-item elementor-inline-item\">\n\t\t\t\t\t\t\t\t\t\t\t<span class=\"elementor-icon-list-icon\">\n\t\t\t\t\t\t\t<i aria-hidden=\"true\" class=\"icon icon-file-2\"><\/i>\t\t\t\t\t\t<\/span>\n\t\t\t\t\t\t\t\t\t\t<span class=\"elementor-icon-list-text\">Entradas<\/span>\n\t\t\t\t\t\t\t\t\t<\/li>\n\t\t\t\t\t\t\t\t<li class=\"elementor-icon-list-item elementor-inline-item\">\n\t\t\t\t\t\t\t\t\t\t\t<span class=\"elementor-icon-list-icon\">\n\t\t\t\t\t\t\t<i aria-hidden=\"true\" class=\"icon icon-share\"><\/i>\t\t\t\t\t\t<\/span>\n\t\t\t\t\t\t\t\t\t\t<span class=\"elementor-icon-list-text\">\u00c0 la Carte<\/span>\n\t\t\t\t\t\t\t\t\t<\/li>\n\t\t\t\t\t\t<\/ul>\n\t\t\t\t<\/div>\n\t\t\t\t<\/div>\n\t\t\t\t<div class=\"elementor-element elementor-element-691a3194 elementor-widget elementor-widget-image\" data-id=\"691a3194\" data-element_type=\"widget\" data-widget_type=\"image.default\">\n\t\t\t\t<div class=\"elementor-widget-container\">\n\t\t\t<style>\/*! elementor - v3.19.0 - 28-02-2024 *\/\n.elementor-widget-image{text-align:center}.elementor-widget-image a{display:inline-block}.elementor-widget-image a img[src$=\".svg\"]{width:48px}.elementor-widget-image img{vertical-align:middle;display:inline-block}<\/style>\t\t\t\t\t\t\t\t\t\t<img fetchpriority=\"high\" decoding=\"async\" width=\"1920\" height=\"900\" src=\"https:\/\/bullsteakbar.com.br\/wp-content\/uploads\/2024\/01\/overhead-composition-with-raw-prime-beef-cuts-97FSPHV.jpg\" class=\"attachment-full size-full wp-image-28\" alt=\"\" srcset=\"https:\/\/bullsteakbar.com.br\/wp-content\/uploads\/2024\/01\/overhead-composition-with-raw-prime-beef-cuts-97FSPHV.jpg 1920w, https:\/\/bullsteakbar.com.br\/wp-content\/uploads\/2024\/01\/overhead-composition-with-raw-prime-beef-cuts-97FSPHV-300x141.jpg 300w, https:\/\/bullsteakbar.com.br\/wp-content\/uploads\/2024\/01\/overhead-composition-with-raw-prime-beef-cuts-97FSPHV-1024x480.jpg 1024w, https:\/\/bullsteakbar.com.br\/wp-content\/uploads\/2024\/01\/overhead-composition-with-raw-prime-beef-cuts-97FSPHV-768x360.jpg 768w, https:\/\/bullsteakbar.com.br\/wp-content\/uploads\/2024\/01\/overhead-composition-with-raw-prime-beef-cuts-97FSPHV-1536x720.jpg 1536w\" sizes=\"(max-width: 1920px) 100vw, 1920px\" \/>\t\t\t\t\t\t\t\t\t\t\t\t\t<\/div>\n\t\t\t\t<\/div>\n\t\t\t\t<div class=\"elementor-element elementor-element-5586dc56 elementor-widget elementor-widget-text-editor\" data-id=\"5586dc56\" data-element_type=\"widget\" data-widget_type=\"text-editor.default\">\n\t\t\t\t<div class=\"elementor-widget-container\">\n\t\t\t\t\t\t\t<p>Cada prato no Bull Steak Bar \u00e9 cuidadosamente selecionado pelos nossos propriet\u00e1rios, que escolhem pessoalmente cada cria\u00e7\u00e3o com amor e paix\u00e3o. Mais do que um restaurante, somos um lugar onde a boa comida \u00e9 uma express\u00e3o do nosso apre\u00e7o por sabores aut\u00eanticos. No Bull Steak Bar, prezamos por proporcionar uma experi\u00eancia gastron\u00f4mica \u00fanica e saborosa.<\/p>\t\t\t\t\t\t<\/div>\n\t\t\t\t<\/div>\n\t\t\t\t<div class=\"elementor-element elementor-element-778599ed elementor-widget elementor-widget-heading\" data-id=\"778599ed\" data-element_type=\"widget\" data-widget_type=\"heading.default\">\n\t\t\t\t<div class=\"elementor-widget-container\">\n\t\t\t<h4 class=\"elementor-heading-title elementor-size-default\">Veja o nosso Card\u00e1pio<br>\nClicar em + para ampliar a imagem<\/h4>\t\t<\/div>\n\t\t\t\t<\/div>\n\t\t\t\t<section class=\"elementor-section elementor-inner-section elementor-element elementor-element-3b432942 elementor-section-boxed elementor-section-height-default elementor-section-height-default\" data-id=\"3b432942\" data-element_type=\"section\">\n\t\t\t\t\t\t<div class=\"elementor-container elementor-column-gap-default\">\n\t\t\t\t\t<div class=\"elementor-column elementor-col-33 elementor-inner-column elementor-element elementor-element-1deb6162\" data-id=\"1deb6162\" data-element_type=\"column\">\n\t\t\t<div class=\"elementor-widget-wrap\">\n\t\t\t\t\t\t\t<\/div>\n\t\t<\/div>\n\t\t\t\t<div class=\"elementor-column elementor-col-33 elementor-inner-column elementor-element elementor-element-6b39d57d\" data-id=\"6b39d57d\" data-element_type=\"column\">\n\t\t\t<div class=\"elementor-widget-wrap elementor-element-populated\">\n\t\t\t\t\t\t<div class=\"elementor-element elementor-element-70645d82 elementor-widget__width-initial elementor-widget elementor-widget-text-editor\" data-id=\"70645d82\" data-element_type=\"widget\" data-widget_type=\"text-editor.default\">\n\t\t\t\t<div class=\"elementor-widget-container\">\n\t\t\t\t\t\t\t<p>O Bull Steak Bar nasceu do desejo dos nossos propriet\u00e1rios de criar um lugar onde a boa carne e a boa comida se encontram, inspirados por suas experi\u00eancias gastron\u00f4micas ao redor do mundo. Cada prato \u00e9 uma express\u00e3o das viv\u00eancias deles, combinando sabores aut\u00eanticos e t\u00e9cnicas culin\u00e1rias excepcionais. Venha se deliciar neste ref\u00fagio culin\u00e1rio, onde a paix\u00e3o por uma experi\u00eancia gastron\u00f4mica \u00fanica \u00e9 a nossa maior inspira\u00e7\u00e3o.<\/p>\t\t\t\t\t\t<\/div>\n\t\t\t\t<\/div>\n\t\t\t\t\t<\/div>\n\t\t<\/div>\n\t\t\t\t<div class=\"elementor-column elementor-col-33 elementor-inner-column elementor-element elementor-element-fc71f15\" data-id=\"fc71f15\" data-element_type=\"column\">\n\t\t\t<div class=\"elementor-widget-wrap\">\n\t\t\t\t\t\t\t<\/div>\n\t\t<\/div>\n\t\t\t\t\t<\/div>\n\t\t<\/section>\n\t\t\t\t<section class=\"elementor-section elementor-inner-section elementor-element elementor-element-818cdba elementor-section-content-middle elementor-section-boxed elementor-section-height-default elementor-section-height-default\" data-id=\"818cdba\" data-element_type=\"section\">\n\t\t\t\t\t\t<div class=\"elementor-container elementor-column-gap-default\">\n\t\t\t\t\t<div class=\"elementor-column elementor-col-100 elementor-inner-column elementor-element elementor-element-829e937\" data-id=\"829e937\" data-element_type=\"column\">\n\t\t\t<div class=\"elementor-widget-wrap elementor-element-populated\">\n\t\t\t\t<div class=\"elementor-element elementor-element-4e114a4 e-flex e-con-boxed e-con e-parent\" data-id=\"4e114a4\" data-element_type=\"container\" data-settings=\"{&quot;content_width&quot;:&quot;boxed&quot;}\" data-core-v316-plus=\"true\">\n\t\t\t\t\t<div class=\"e-con-inner\">\n\t\t\t\t<div class=\"elementor-element elementor-element-8d57320 elementor-widget__width-initial elementor-widget elementor-widget-shortcode\" data-id=\"8d57320\" data-element_type=\"widget\" data-widget_type=\"shortcode.default\">\n\t\t\t\t<div class=\"elementor-widget-container\">\n\t\t\t\t\t<div class=\"elementor-shortcode\"><div class=\"_df_thumb \" id=\"df_375\"  data-title=\"cardapio-bull\" _slug=\"cardapio-bull\" wpoptions=\"true\" thumb=\"https:\/\/bullsteakbar.com.br\/wp-content\/uploads\/2024\/02\/Cardapio_BULL-1-scaled.jpg\" thumbtype=\"\" >Card\u00e1pio Bull<\/div><script class=\"df-shortcode-script\" type=\"application\/javascript\">window.option_df_375 = {\"outline\":[],\"height\":\"1000\",\"autoEnableOutline\":\"false\",\"autoEnableThumbnail\":\"false\",\"overwritePDFOutline\":\"false\",\"direction\":\"1\",\"pageSize\":\"0\",\"maxTextureSize\":\"1600\",\"source\":[\"https:\\\/\\\/bullsteakbar.com.br\\\/wp-content\\\/uploads\\\/2024\\\/02\\\/Cardapio_BULL-1-scaled.jpg\",\"https:\\\/\\\/bullsteakbar.com.br\\\/wp-content\\\/uploads\\\/2024\\\/02\\\/Cardapio_BULL-2-scaled.jpg\",\"https:\\\/\\\/bullsteakbar.com.br\\\/wp-content\\\/uploads\\\/2024\\\/02\\\/Cardapio_BULL-3-scaled.jpg\",\"https:\\\/\\\/bullsteakbar.com.br\\\/wp-content\\\/uploads\\\/2024\\\/02\\\/Cardapio_BULL-4-scaled.jpg\",\"https:\\\/\\\/bullsteakbar.com.br\\\/wp-content\\\/uploads\\\/2024\\\/02\\\/Cardapio_BULL-5-scaled.jpg\",\"https:\\\/\\\/bullsteakbar.com.br\\\/wp-content\\\/uploads\\\/2024\\\/02\\\/Cardapio_BULL-6-scaled.jpg\"],\"wpOptions\":\"true\",\"links\":[[],[],[],[],[],[],[]]}; if(window.DFLIP && window.DFLIP.parseBooks){window.DFLIP.parseBooks();}<\/script>\n<\/div>\n\t\t\t\t<\/div>\n\t\t\t\t<\/div>\n\t\t\t\t\t<\/div>\n\t\t\t\t<\/div>\n\t\t\t\t\t<\/div>\n\t\t<\/div>\n\t\t\t\t\t<\/div>\n\t\t<\/section>\n\t\t\t\t<section class=\"elementor-section elementor-inner-section elementor-element elementor-element-f0b5d25 elementor-section-boxed elementor-section-height-default elementor-section-height-default\" data-id=\"f0b5d25\" data-element_type=\"section\">\n\t\t\t\t\t\t<div class=\"elementor-container elementor-column-gap-default\">\n\t\t\t\t\t<div class=\"elementor-column elementor-col-33 elementor-inner-column elementor-element elementor-element-d1601b6\" data-id=\"d1601b6\" data-element_type=\"column\">\n\t\t\t<div class=\"elementor-widget-wrap elementor-element-populated\">\n\t\t\t\t\t\t<div class=\"elementor-element elementor-element-7beeacb elementor-widget elementor-widget-image\" data-id=\"7beeacb\" data-element_type=\"widget\" data-widget_type=\"image.default\">\n\t\t\t\t<div class=\"elementor-widget-container\">\n\t\t\t\t\t\t\t\t\t\t\t\t\t<img decoding=\"async\" width=\"900\" height=\"900\" src=\"https:\/\/bullsteakbar.com.br\/wp-content\/uploads\/2024\/01\/raw-ossobuco-steak-and-beef-shank-6HC3MS2a.jpg\" class=\"attachment-full size-full wp-image-45\" alt=\"\" srcset=\"https:\/\/bullsteakbar.com.br\/wp-content\/uploads\/2024\/01\/raw-ossobuco-steak-and-beef-shank-6HC3MS2a.jpg 900w, https:\/\/bullsteakbar.com.br\/wp-content\/uploads\/2024\/01\/raw-ossobuco-steak-and-beef-shank-6HC3MS2a-300x300.jpg 300w, https:\/\/bullsteakbar.com.br\/wp-content\/uploads\/2024\/01\/raw-ossobuco-steak-and-beef-shank-6HC3MS2a-150x150.jpg 150w, https:\/\/bullsteakbar.com.br\/wp-content\/uploads\/2024\/01\/raw-ossobuco-steak-and-beef-shank-6HC3MS2a-768x768.jpg 768w\" sizes=\"(max-width: 900px) 100vw, 900px\" \/>\t\t\t\t\t\t\t\t\t\t\t\t\t<\/div>\n\t\t\t\t<\/div>\n\t\t\t\t\t<\/div>\n\t\t<\/div>\n\t\t\t\t<div class=\"elementor-column elementor-col-33 elementor-inner-column elementor-element elementor-element-bbd8dc2\" data-id=\"bbd8dc2\" data-element_type=\"column\">\n\t\t\t<div class=\"elementor-widget-wrap elementor-element-populated\">\n\t\t\t\t\t\t<div class=\"elementor-element elementor-element-cc23e81 elementor-widget elementor-widget-image\" data-id=\"cc23e81\" data-element_type=\"widget\" data-widget_type=\"image.default\">\n\t\t\t\t<div class=\"elementor-widget-container\">\n\t\t\t\t\t\t\t\t\t\t\t\t\t<img decoding=\"async\" width=\"900\" height=\"900\" src=\"https:\/\/bullsteakbar.com.br\/wp-content\/uploads\/2024\/01\/raw-beef-top-round-roast-with-spices-LRHXA48.jpg\" class=\"attachment-full size-full wp-image-56\" alt=\"\" srcset=\"https:\/\/bullsteakbar.com.br\/wp-content\/uploads\/2024\/01\/raw-beef-top-round-roast-with-spices-LRHXA48.jpg 900w, https:\/\/bullsteakbar.com.br\/wp-content\/uploads\/2024\/01\/raw-beef-top-round-roast-with-spices-LRHXA48-300x300.jpg 300w, https:\/\/bullsteakbar.com.br\/wp-content\/uploads\/2024\/01\/raw-beef-top-round-roast-with-spices-LRHXA48-150x150.jpg 150w, https:\/\/bullsteakbar.com.br\/wp-content\/uploads\/2024\/01\/raw-beef-top-round-roast-with-spices-LRHXA48-768x768.jpg 768w\" sizes=\"(max-width: 900px) 100vw, 900px\" \/>\t\t\t\t\t\t\t\t\t\t\t\t\t<\/div>\n\t\t\t\t<\/div>\n\t\t\t\t\t<\/div>\n\t\t<\/div>\n\t\t\t\t<div class=\"elementor-column elementor-col-33 elementor-inner-column elementor-element elementor-element-876289e\" data-id=\"876289e\" data-element_type=\"column\">\n\t\t\t<div class=\"elementor-widget-wrap elementor-element-populated\">\n\t\t\t\t\t\t<div class=\"elementor-element elementor-element-b23575f elementor-widget elementor-widget-image\" data-id=\"b23575f\" data-element_type=\"widget\" data-widget_type=\"image.default\">\n\t\t\t\t<div class=\"elementor-widget-container\">\n\t\t\t\t\t\t\t\t\t\t\t\t\t<img loading=\"lazy\" decoding=\"async\" width=\"900\" height=\"900\" src=\"https:\/\/bullsteakbar.com.br\/wp-content\/uploads\/2024\/01\/top-view-of-raw-beef-short-ribs-bone-in-BJETR7Da.jpg\" class=\"attachment-full size-full wp-image-57\" alt=\"\" srcset=\"https:\/\/bullsteakbar.com.br\/wp-content\/uploads\/2024\/01\/top-view-of-raw-beef-short-ribs-bone-in-BJETR7Da.jpg 900w, https:\/\/bullsteakbar.com.br\/wp-content\/uploads\/2024\/01\/top-view-of-raw-beef-short-ribs-bone-in-BJETR7Da-300x300.jpg 300w, https:\/\/bullsteakbar.com.br\/wp-content\/uploads\/2024\/01\/top-view-of-raw-beef-short-ribs-bone-in-BJETR7Da-150x150.jpg 150w, https:\/\/bullsteakbar.com.br\/wp-content\/uploads\/2024\/01\/top-view-of-raw-beef-short-ribs-bone-in-BJETR7Da-768x768.jpg 768w\" sizes=\"(max-width: 900px) 100vw, 900px\" \/>\t\t\t\t\t\t\t\t\t\t\t\t\t<\/div>\n\t\t\t\t<\/div>\n\t\t\t\t\t<\/div>\n\t\t<\/div>\n\t\t\t\t\t<\/div>\n\t\t<\/section>\n\t\t\t\t\t<\/div>\n\t\t<\/div>\n\t\t\t\t\t<\/div>\n\t\t<\/section>\n\t\t\t\t<\/div>\n\t\t","protected":false},"excerpt":{"rendered":"<p>Card\u00e1pio Home \/ Card\u00e1pio Nosso Card\u00e1pio Executivo Entradas \u00c0 la Carte Cada prato no Bull Steak Bar \u00e9 cuidadosamente selecionado pelos nossos propriet\u00e1rios, que escolhem pessoalmente cada cria\u00e7\u00e3o com amor e paix\u00e3o. Mais do que um restaurante, somos um lugar onde a boa comida \u00e9 uma express\u00e3o do nosso apre\u00e7o por sabores aut\u00eanticos. No Bull [&hellip;]<\/p>\n","protected":false},"author":1,"featured_media":0,"parent":0,"menu_order":0,"comment_status":"closed","ping_status":"closed","template":"elementor_header_footer","meta":{"footnotes":""},"_links":{"self":[{"href":"https:\/\/bullsteakbar.com.br\/index.php\/wp-json\/wp\/v2\/pages\/108"}],"collection":[{"href":"https:\/\/bullsteakbar.com.br\/index.php\/wp-json\/wp\/v2\/pages"}],"about":[{"href":"https:\/\/bullsteakbar.com.br\/index.php\/wp-json\/wp\/v2\/types\/page"}],"author":[{"embeddable":true,"href":"https:\/\/bullsteakbar.com.br\/index.php\/wp-json\/wp\/v2\/users\/1"}],"replies":[{"embeddable":true,"href":"https:\/\/bullsteakbar.com.br\/index.php\/wp-json\/wp\/v2\/comments?post=108"}],"version-history":[{"count":76,"href":"https:\/\/bullsteakbar.com.br\/index.php\/wp-json\/wp\/v2\/pages\/108\/revisions"}],"predecessor-version":[{"id":637,"href":"https:\/\/bullsteakbar.com.br\/index.php\/wp-json\/wp\/v2\/pages\/108\/revisions\/637"}],"wp:attachment":[{"href":"https:\/\/bullsteakbar.com.br\/index.php\/wp-json\/wp\/v2\/media?parent=108"}],"curies":[{"name":"wp","href":"https:\/\/api.w.org\/{rel}","templated":true}]}}